{"id":16375,"date":"2018-06-01T18:09:07","date_gmt":"2018-06-02T01:09:07","guid":{"rendered":"https:\/\/earthboundfarmca.com\/?page_id=16375"},"modified":"2024-10-10T20:43:00","modified_gmt":"2024-10-11T03:43:00","slug":"newsletter","status":"publish","type":"page","link":"https:\/\/earthboundfarmca.com\/fr\/newsletter\/","title":{"rendered":"Bulletin"},"content":{"rendered":"\n<h3 class=\"wp-block-heading\">Vous voulez de d\u00e9licieuses offres, recettes et id\u00e9es livr\u00e9es directement dans votre bo\u00eete de r\u00e9ception&nbsp;?<\/h3>\n\n\n\n<p>Nous facilitons l\u2019expansion de votre empreinte biologique avec des coupons et des offres exclusifs ainsi que des recettes savoureuses, des conseils de cuisine et le scoop sur tout ce qui concerne Earthbound.<\/p>\n\n\n\n<p><em>Remarque : nous proposons parfois\u00a0des offres sp\u00e9ciales aux personnes qui font leurs achats chez des d\u00e9taillants sp\u00e9cifiques ou qui vivent dans des r\u00e9gions g\u00e9ographiques sp\u00e9cifiques.\u00a0Si vous souhaitez recevoir ces offres, assurez-vous de remplir les parties du formulaire qui incluent votre adresse, votre ville, votre \u00e9tat, votre code postal et vos d\u00e9taillants pr\u00e9f\u00e9r\u00e9s.<\/em><\/p>\n\n\n\n<p><!-- Begin Mailchimp Signup Form --><\/p>\r\n<p><style type=\"text\/css\">\r\n\t#mc_embed_signup{background:#fff; clear:left; font:14px Helvetica,Arial,sans-serif; }<br \/>\r\n\t\/* Add your own Mailchimp form style overrides in your site stylesheet or in this style block.<br \/>\r\n\t   We recommend moving this block and the preceding CSS link to the HEAD of your HTML file. *\/<br \/>\r\n<\/style><\/p>\r\n<div id=\"mc_embed_signup\"><form id=\"mc-embedded-subscribe-form\" class=\"validate\" action=\"https:\/\/earthboundfarm.us4.list-manage.com\/subscribe\/post?u=7e19bda2097017cd83ae3db98&amp;id=07c657c5cb\" method=\"post\" name=\"mc-embedded-subscribe-form\" novalidate=\"\" target=\"_blank\">\r\n<div id=\"mc_embed_signup_scroll\">\r\n<div class=\"indicates-required\"><span class=\"asterisk\">*<\/span> indicates required<\/div>\r\n<div class=\"mc-field-group\"><label for=\"mce-FNAME\">First Name <\/label> <input id=\"mce-FNAME\" class=\"\" name=\"FNAME\" type=\"text\" value=\"\" \/><\/div>\r\n<div class=\"mc-field-group\"><label for=\"mce-LNAME\">Last Name <\/label> <input id=\"mce-LNAME\" class=\"\" name=\"LNAME\" type=\"text\" value=\"\" \/><\/div>\r\n<div class=\"mc-field-group\"><label for=\"mce-EMAIL\">Email Address <span class=\"asterisk\">*<\/span> <\/label> <input id=\"mce-EMAIL\" class=\"required email\" name=\"EMAIL\" type=\"email\" value=\"\" \/><\/div>\r\n<div class=\"mc-address-group\">\r\n<div class=\"mc-field-group\"><label for=\"mce-ADDRESS-addr1\">Address <\/label> <input id=\"mce-ADDRESS-addr1\" class=\"\" maxlength=\"70\" name=\"ADDRESS[addr1]\" type=\"text\" value=\"\" \/><\/div>\r\n<div class=\"mc-field-group\"><label for=\"mce-ADDRESS-addr2\">Address Line 2<\/label> <input id=\"mce-ADDRESS-addr2\" maxlength=\"70\" name=\"ADDRESS[addr2]\" type=\"text\" value=\"\" \/><\/div>\r\n<div class=\"mc-field-group size1of2\"><label for=\"mce-ADDRESS-city\">City<\/label> <input id=\"mce-ADDRESS-city\" class=\"\" maxlength=\"40\" name=\"ADDRESS[city]\" type=\"text\" value=\"\" \/><\/div>\r\n<div class=\"mc-field-group size1of2\"><label for=\"mce-ADDRESS-state\">State\/Province\/Region<\/label> <input id=\"mce-ADDRESS-state\" class=\"\" maxlength=\"20\" name=\"ADDRESS[state]\" type=\"text\" value=\"\" \/><\/div>\r\n<div class=\"mc-field-group size1of2\"><label for=\"mce-ADDRESS-zip\">Postal \/ Zip Code<\/label> <input id=\"mce-ADDRESS-zip\" class=\"\" maxlength=\"10\" name=\"ADDRESS[zip]\" type=\"text\" value=\"\" \/><\/div>\r\n<div class=\"mc-field-group size1of2\"><label for=\"mce-ADDRESS-country\">Country<\/label><select id=\"mce-ADDRESS-country\" class=\"\" name=\"ADDRESS[country]\">\r\n<option selected=\"selected\" value=\"164\">USA<\/option>\r\n<option value=\"286\">Aaland Islands<\/option>\r\n<option value=\"274\">Afghanistan<\/option>\r\n<option value=\"2\">Albania<\/option>\r\n<option value=\"3\">Algeria<\/option>\r\n<option value=\"178\">American Samoa<\/option>\r\n<option value=\"4\">Andorra<\/option>\r\n<option value=\"5\">Angola<\/option>\r\n<option value=\"176\">Anguilla<\/option>\r\n<option value=\"175\">Antigua And Barbuda<\/option>\r\n<option value=\"6\">Argentina<\/option>\r\n<option value=\"7\">Armenia<\/option>\r\n<option value=\"179\">Aruba<\/option>\r\n<option value=\"8\">Australia<\/option>\r\n<option value=\"9\">Austria<\/option>\r\n<option value=\"10\">Azerbaijan<\/option>\r\n<option value=\"11\">Bahamas<\/option>\r\n<option value=\"12\">Bahrain<\/option>\r\n<option value=\"13\">Bangladesh<\/option>\r\n<option value=\"14\">Barbados<\/option>\r\n<option value=\"15\">Belarus<\/option>\r\n<option value=\"16\">Belgium<\/option>\r\n<option value=\"17\">Belize<\/option>\r\n<option value=\"18\">Benin<\/option>\r\n<option value=\"19\">Bermuda<\/option>\r\n<option value=\"20\">Bhutan<\/option>\r\n<option value=\"21\">Bolivia<\/option>\r\n<option value=\"325\">Bonaire, Saint Eustatius and Saba<\/option>\r\n<option value=\"22\">Bosnia and Herzegovina<\/option>\r\n<option value=\"23\">Botswana<\/option>\r\n<option value=\"181\">Bouvet Island<\/option>\r\n<option value=\"24\">Brazil<\/option>\r\n<option value=\"180\">Brunei Darussalam<\/option>\r\n<option value=\"25\">Bulgaria<\/option>\r\n<option value=\"26\">Burkina Faso<\/option>\r\n<option value=\"27\">Burundi<\/option>\r\n<option value=\"28\">Cambodia<\/option>\r\n<option value=\"29\">Cameroon<\/option>\r\n<option value=\"30\">Canada<\/option>\r\n<option value=\"31\">Cape Verde<\/option>\r\n<option value=\"32\">Cayman Islands<\/option>\r\n<option value=\"33\">Central African Republic<\/option>\r\n<option value=\"34\">Chad<\/option>\r\n<option value=\"35\">Chile<\/option>\r\n<option value=\"36\">China<\/option>\r\n<option value=\"185\">Christmas Island<\/option>\r\n<option value=\"37\">Colombia<\/option>\r\n<option value=\"204\">Comoros<\/option>\r\n<option value=\"38\">Congo<\/option>\r\n<option value=\"183\">Cook Islands<\/option>\r\n<option value=\"268\">Costa Rica<\/option>\r\n<option value=\"275\">Cote D&#8217;Ivoire<\/option>\r\n<option value=\"40\">Croatia<\/option>\r\n<option value=\"276\">Cuba<\/option>\r\n<option value=\"298\">Curacao<\/option>\r\n<option value=\"41\">Cyprus<\/option>\r\n<option value=\"42\">Czech Republic<\/option>\r\n<option value=\"318\">Democratic Republic of the Congo<\/option>\r\n<option value=\"43\">Denmark<\/option>\r\n<option value=\"44\">Djibouti<\/option>\r\n<option value=\"289\">Dominica<\/option>\r\n<option value=\"187\">Dominican Republic<\/option>\r\n<option value=\"45\">Ecuador<\/option>\r\n<option value=\"46\">Egypt<\/option>\r\n<option value=\"47\">El Salvador<\/option>\r\n<option value=\"48\">Equatorial Guinea<\/option>\r\n<option value=\"49\">Eritrea<\/option>\r\n<option value=\"50\">Estonia<\/option>\r\n<option value=\"51\">Ethiopia<\/option>\r\n<option value=\"189\">Falkland Islands<\/option>\r\n<option value=\"191\">Faroe Islands<\/option>\r\n<option value=\"52\">Fiji<\/option>\r\n<option value=\"53\">Finland<\/option>\r\n<option value=\"54\">France<\/option>\r\n<option value=\"193\">French Guiana<\/option>\r\n<option value=\"277\">French Polynesia<\/option>\r\n<option value=\"56\">Gabon<\/option>\r\n<option value=\"57\">Gambia<\/option>\r\n<option value=\"58\">Georgia<\/option>\r\n<option value=\"59\">Germany<\/option>\r\n<option value=\"60\">Ghana<\/option>\r\n<option value=\"194\">Gibraltar<\/option>\r\n<option value=\"61\">Greece<\/option>\r\n<option value=\"195\">Greenland<\/option>\r\n<option value=\"192\">Grenada<\/option>\r\n<option value=\"196\">Guadeloupe<\/option>\r\n<option value=\"62\">Guam<\/option>\r\n<option value=\"198\">Guatemala<\/option>\r\n<option value=\"270\">Guernsey<\/option>\r\n<option value=\"63\">Guinea<\/option>\r\n<option value=\"65\">Guyana<\/option>\r\n<option value=\"200\">Haiti<\/option>\r\n<option value=\"66\">Honduras<\/option>\r\n<option value=\"67\">Hong Kong<\/option>\r\n<option value=\"68\">Hungary<\/option>\r\n<option value=\"69\">Iceland<\/option>\r\n<option value=\"70\">India<\/option>\r\n<option value=\"71\">Indonesia<\/option>\r\n<option value=\"278\">Iran<\/option>\r\n<option value=\"279\">Iraq<\/option>\r\n<option value=\"74\">Ireland<\/option>\r\n<option value=\"323\">Isle of Man<\/option>\r\n<option value=\"75\">Israel<\/option>\r\n<option value=\"76\">Italy<\/option>\r\n<option value=\"202\">Jamaica<\/option>\r\n<option value=\"78\">Japan<\/option>\r\n<option value=\"288\">Jersey (Channel Islands)<\/option>\r\n<option value=\"79\">Jordan<\/option>\r\n<option value=\"80\">Kazakhstan<\/option>\r\n<option value=\"81\">Kenya<\/option>\r\n<option value=\"203\">Kiribati<\/option>\r\n<option value=\"82\">Kuwait<\/option>\r\n<option value=\"83\">Kyrgyzstan<\/option>\r\n<option value=\"84\">Lao People&#8217;s Democratic Republic<\/option>\r\n<option value=\"85\">Latvia<\/option>\r\n<option value=\"86\">Lebanon<\/option>\r\n<option value=\"87\">Lesotho<\/option>\r\n<option value=\"88\">Liberia<\/option>\r\n<option value=\"281\">Libya<\/option>\r\n<option value=\"90\">Liechtenstein<\/option>\r\n<option value=\"91\">Lithuania<\/option>\r\n<option value=\"92\">Luxembourg<\/option>\r\n<option value=\"208\">Macau<\/option>\r\n<option value=\"93\">Macedonia<\/option>\r\n<option value=\"94\">Madagascar<\/option>\r\n<option value=\"95\">Malawi<\/option>\r\n<option value=\"96\">Malaysia<\/option>\r\n<option value=\"97\">Maldives<\/option>\r\n<option value=\"98\">Mali<\/option>\r\n<option value=\"99\">Malta<\/option>\r\n<option value=\"207\">Marshall Islands<\/option>\r\n<option value=\"210\">Martinique<\/option>\r\n<option value=\"100\">Mauritania<\/option>\r\n<option value=\"212\">Mauritius<\/option>\r\n<option value=\"241\">Mayotte<\/option>\r\n<option value=\"101\">Mexico<\/option>\r\n<option value=\"102\">Moldova, Republic of<\/option>\r\n<option value=\"103\">Monaco<\/option>\r\n<option value=\"104\">Mongolia<\/option>\r\n<option value=\"290\">Montenegro<\/option>\r\n<option value=\"294\">Montserrat<\/option>\r\n<option value=\"105\">Morocco<\/option>\r\n<option value=\"106\">Mozambique<\/option>\r\n<option value=\"242\">Myanmar<\/option>\r\n<option value=\"107\">Namibia<\/option>\r\n<option value=\"108\">Nepal<\/option>\r\n<option value=\"109\">Netherlands<\/option>\r\n<option value=\"110\">Netherlands Antilles<\/option>\r\n<option value=\"213\">New Caledonia<\/option>\r\n<option value=\"111\">New Zealand<\/option>\r\n<option value=\"112\">Nicaragua<\/option>\r\n<option value=\"113\">Niger<\/option>\r\n<option value=\"114\">Nigeria<\/option>\r\n<option value=\"217\">Niue<\/option>\r\n<option value=\"214\">Norfolk Island<\/option>\r\n<option value=\"272\">North Korea<\/option>\r\n<option value=\"116\">Norway<\/option>\r\n<option value=\"117\">Oman<\/option>\r\n<option value=\"118\">Pakistan<\/option>\r\n<option value=\"222\">Palau<\/option>\r\n<option value=\"282\">Palestine<\/option>\r\n<option value=\"119\">Panama<\/option>\r\n<option value=\"219\">Papua New Guinea<\/option>\r\n<option value=\"120\">Paraguay<\/option>\r\n<option value=\"121\">Peru<\/option>\r\n<option value=\"122\">Philippines<\/option>\r\n<option value=\"221\">Pitcairn<\/option>\r\n<option value=\"123\">Poland<\/option>\r\n<option value=\"124\">Portugal<\/option>\r\n<option value=\"126\">Qatar<\/option>\r\n<option value=\"315\">Republic of Kosovo<\/option>\r\n<option value=\"127\">Reunion<\/option>\r\n<option value=\"128\">Romania<\/option>\r\n<option value=\"129\">Russia<\/option>\r\n<option value=\"130\">Rwanda<\/option>\r\n<option value=\"205\">Saint Kitts and Nevis<\/option>\r\n<option value=\"206\">Saint Lucia<\/option>\r\n<option value=\"324\">Saint Martin<\/option>\r\n<option value=\"237\">Saint Vincent and the Grenadines<\/option>\r\n<option value=\"132\">Samoa (Independent)<\/option>\r\n<option value=\"227\">San Marino<\/option>\r\n<option value=\"255\">Sao Tome and Principe<\/option>\r\n<option value=\"133\">Saudi Arabia<\/option>\r\n<option value=\"134\">Senegal<\/option>\r\n<option value=\"326\">Serbia<\/option>\r\n<option value=\"135\">Seychelles<\/option>\r\n<option value=\"136\">Sierra Leone<\/option>\r\n<option value=\"137\">Singapore<\/option>\r\n<option value=\"302\">Sint Maarten<\/option>\r\n<option value=\"138\">Slovakia<\/option>\r\n<option value=\"139\">Slovenia<\/option>\r\n<option value=\"223\">Solomon Islands<\/option>\r\n<option value=\"140\">Somalia<\/option>\r\n<option value=\"141\">South Africa<\/option>\r\n<option value=\"257\">South Georgia and the South Sandwich Islands<\/option>\r\n<option value=\"142\">South Korea<\/option>\r\n<option value=\"311\">South Sudan<\/option>\r\n<option value=\"143\">Spain<\/option>\r\n<option value=\"144\">Sri Lanka<\/option>\r\n<option value=\"293\">Sudan<\/option>\r\n<option value=\"146\">Suriname<\/option>\r\n<option value=\"225\">Svalbard and Jan Mayen Islands<\/option>\r\n<option value=\"147\">Swaziland<\/option>\r\n<option value=\"148\">Sweden<\/option>\r\n<option value=\"149\">Switzerland<\/option>\r\n<option value=\"285\">Syria<\/option>\r\n<option value=\"152\">Taiwan<\/option>\r\n<option value=\"260\">Tajikistan<\/option>\r\n<option value=\"153\">Tanzania<\/option>\r\n<option value=\"154\">Thailand<\/option>\r\n<option value=\"233\">Timor-Leste<\/option>\r\n<option value=\"155\">Togo<\/option>\r\n<option value=\"232\">Tonga<\/option>\r\n<option value=\"234\">Trinidad and Tobago<\/option>\r\n<option value=\"156\">Tunisia<\/option>\r\n<option value=\"157\">Turkey<\/option>\r\n<option value=\"158\">Turkmenistan<\/option>\r\n<option value=\"287\">Turks &amp; Caicos Islands<\/option>\r\n<option value=\"159\">Uganda<\/option>\r\n<option value=\"161\">Ukraine<\/option>\r\n<option value=\"162\">United Arab Emirates<\/option>\r\n<option value=\"262\">United Kingdom<\/option>\r\n<option value=\"163\">Uruguay<\/option>\r\n<option value=\"165\">Uzbekistan<\/option>\r\n<option value=\"239\">Vanuatu<\/option>\r\n<option value=\"166\">Vatican City State (Holy See)<\/option>\r\n<option value=\"167\">Venezuela<\/option>\r\n<option value=\"168\">Vietnam<\/option>\r\n<option value=\"169\">Virgin Islands (British)<\/option>\r\n<option value=\"238\">Virgin Islands (U.S.)<\/option>\r\n<option value=\"188\">Western Sahara<\/option>\r\n<option value=\"170\">Yemen<\/option>\r\n<option value=\"173\">Zambia<\/option>\r\n<option value=\"174\">Zimbabwe<\/option>\r\n<\/select><\/div>\r\n<\/div>\r\n\r\n<div id=\"mce-responses\" class=\"clear\">\r\n<div id=\"mce-error-response\" class=\"response\" style=\"display: none;\">\u00a0<\/div>\r\n<div id=\"mce-success-response\" class=\"response\" style=\"display: none;\">\u00a0<\/div>\r\n<\/div>\r\n<p><!-- real people should not fill this in and expect good things - do not remove this or risk form bot signups--><\/p>\r\n<div style=\"position: absolute; left: -5000px;\" aria-hidden=\"true\"><input tabindex=\"-1\" name=\"b_7e19bda2097017cd83ae3db98_07c657c5cb\" type=\"text\" value=\"\" \/><\/div>\r\n<div class=\"clear\"><input id=\"mc-embedded-subscribe\" class=\"button\" name=\"subscribe\" type=\"submit\" value=\"Subscribe\" \/><\/div>\r\n<\/div>\r\n<\/form><\/div>\r\n<p><script type=\"text\/javascript\" src=\"\/\/s3.amazonaws.com\/downloads.mailchimp.com\/js\/mc-validate.js\"><\/script><script type=\"text\/javascript\">(function($) {window.fnames = new Array(); window.ftypes = new Array();fnames[1]='FNAME';ftypes[1]='text';fnames[2]='LNAME';ftypes[2]='text';fnames[0]='EMAIL';ftypes[0]='email';fnames[3]='ADDRESS';ftypes[3]='address';fnames[5]='MMERGE5';ftypes[5]='text';fnames[4]='PHONE';ftypes[4]='phone';}(jQuery));var $mcj = jQuery.noConflict(true);<\/script><\/p>\r\n<p><!--End mc_embed_signup--><\/p>\r\n<style>\r\n#mc_embed_signup{background: transparent}\r\n<\/style>\n","protected":false},"excerpt":{"rendered":"<p>Vous voulez de d\u00e9licieuses offres, recettes et id\u00e9es livr\u00e9es directement dans votre bo\u00eete de r\u00e9ception&nbsp;? Nous facilitons l\u2019expansion de votre empreinte biologique avec des coupons et des offres exclusifs ainsi que des recettes savoureuses, des conseils de cuisine et le scoop sur tout ce qui concerne Earthbound. Remarque : nous proposons parfois\u00a0des offres sp\u00e9ciales aux [&hellip;]<\/p>\n","protected":false},"author":1,"featured_media":16696,"parent":0,"menu_order":0,"comment_status":"closed","ping_status":"closed","template":"","meta":{"_acf_changed":false,"footnotes":""},"class_list":["post-16375","page","type-page","status-publish","has-post-thumbnail","hentry"],"acf":[],"yoast_head":"<!-- This site is optimized with the Yoast SEO plugin v27.5 - https:\/\/yoast.com\/product\/yoast-seo-wordpress\/ -->\n<title>Newletter | Earthbound Farm | All Organic Since 1984<\/title>\n<meta name=\"description\" content=\"Want to Save Up to $50 a Year and Eat More Organic? Sign up for our E-Newsletter. We give our email subscribers exclusive coupons and offers!\" \/>\n<meta name=\"robots\" content=\"index, follow, max-snippet:-1, max-image-preview:large, max-video-preview:-1\" \/>\n<link rel=\"canonical\" href=\"https:\/\/earthboundfarmca.com\/fr\/newsletter\/\" \/>\n<meta property=\"og:locale\" content=\"fr_FR\" \/>\n<meta property=\"og:type\" content=\"article\" \/>\n<meta property=\"og:title\" content=\"Newletter | Earthbound Farm | All Organic Since 1984\" \/>\n<meta property=\"og:description\" content=\"Want to Save Up to $50 a Year and Eat More Organic? Sign up for our E-Newsletter. We give our email subscribers exclusive coupons and offers!\" \/>\n<meta property=\"og:url\" content=\"https:\/\/earthboundfarmca.com\/fr\/newsletter\/\" \/>\n<meta property=\"og:site_name\" content=\"Earthbound Farm Canada\" \/>\n<meta property=\"article:publisher\" content=\"https:\/\/www.facebook.com\/earthboundfarm\" \/>\n<meta property=\"article:modified_time\" content=\"2024-10-11T03:43:00+00:00\" \/>\n<meta property=\"og:image\" content=\"https:\/\/earthboundfarmca.com\/wp-content\/uploads\/2024\/10\/earthbound-farm-newsletter-coupons-e1712871972719.jpg\" \/>\n\t<meta property=\"og:image:width\" content=\"1232\" \/>\n\t<meta property=\"og:image:height\" content=\"920\" \/>\n\t<meta property=\"og:image:type\" content=\"image\/jpeg\" \/>\n<meta name=\"twitter:card\" content=\"summary_large_image\" \/>\n<meta name=\"twitter:site\" content=\"@earthboundfarm\" \/>\n<meta name=\"twitter:label1\" content=\"Dur\u00e9e de lecture estim\u00e9e\" \/>\n\t<meta name=\"twitter:data1\" content=\"3 minutes\" \/>\n<!-- \/ Yoast SEO plugin. -->","yoast_head_json":{"title":"Newletter | Earthbound Farm | All Organic Since 1984","description":"Want to Save Up to $50 a Year and Eat More Organic? Sign up for our E-Newsletter. We give our email subscribers exclusive coupons and offers!","robots":{"index":"index","follow":"follow","max-snippet":"max-snippet:-1","max-image-preview":"max-image-preview:large","max-video-preview":"max-video-preview:-1"},"canonical":"https:\/\/earthboundfarmca.com\/fr\/newsletter\/","og_locale":"fr_FR","og_type":"article","og_title":"Newletter | Earthbound Farm | All Organic Since 1984","og_description":"Want to Save Up to $50 a Year and Eat More Organic? Sign up for our E-Newsletter. We give our email subscribers exclusive coupons and offers!","og_url":"https:\/\/earthboundfarmca.com\/fr\/newsletter\/","og_site_name":"Earthbound Farm Canada","article_publisher":"https:\/\/www.facebook.com\/earthboundfarm","article_modified_time":"2024-10-11T03:43:00+00:00","og_image":[{"width":1232,"height":920,"url":"https:\/\/earthboundfarmca.com\/wp-content\/uploads\/2024\/10\/earthbound-farm-newsletter-coupons-e1712871972719.jpg","type":"image\/jpeg"}],"twitter_card":"summary_large_image","twitter_site":"@earthboundfarm","twitter_misc":{"Dur\u00e9e de lecture estim\u00e9e":"3 minutes"},"schema":{"@context":"https:\/\/schema.org","@graph":[{"@type":"WebPage","@id":"https:\/\/earthboundfarmca.com\/fr\/newsletter\/","url":"https:\/\/earthboundfarmca.com\/fr\/newsletter\/","name":"Newletter | Earthbound Farm | All Organic Since 1984","isPartOf":{"@id":"https:\/\/earthboundfarmca.com\/fr\/#website"},"primaryImageOfPage":{"@id":"https:\/\/earthboundfarmca.com\/fr\/newsletter\/#primaryimage"},"image":{"@id":"https:\/\/earthboundfarmca.com\/fr\/newsletter\/#primaryimage"},"thumbnailUrl":"https:\/\/earthboundfarmca.com\/wp-content\/uploads\/2024\/10\/earthbound-farm-newsletter-coupons-e1712871972719.jpg","datePublished":"2018-06-02T01:09:07+00:00","dateModified":"2024-10-11T03:43:00+00:00","description":"Want to Save Up to $50 a Year and Eat More Organic? Sign up for our E-Newsletter. We give our email subscribers exclusive coupons and offers!","breadcrumb":{"@id":"https:\/\/earthboundfarmca.com\/fr\/newsletter\/#breadcrumb"},"inLanguage":"fr-FR","potentialAction":[{"@type":"ReadAction","target":["https:\/\/earthboundfarmca.com\/fr\/newsletter\/"]}]},{"@type":"ImageObject","inLanguage":"fr-FR","@id":"https:\/\/earthboundfarmca.com\/fr\/newsletter\/#primaryimage","url":"https:\/\/earthboundfarmca.com\/wp-content\/uploads\/2024\/10\/earthbound-farm-newsletter-coupons-e1712871972719.jpg","contentUrl":"https:\/\/earthboundfarmca.com\/wp-content\/uploads\/2024\/10\/earthbound-farm-newsletter-coupons-e1712871972719.jpg","width":1232,"height":920,"caption":"earthbound-farm-newsletter-coupons-e1712871972719"},{"@type":"BreadcrumbList","@id":"https:\/\/earthboundfarmca.com\/fr\/newsletter\/#breadcrumb","itemListElement":[{"@type":"ListItem","position":1,"name":"Home","item":"https:\/\/earthboundfarmca.com\/fr\/"},{"@type":"ListItem","position":2,"name":"Bulletin"}]},{"@type":"WebSite","@id":"https:\/\/earthboundfarmca.com\/fr\/#website","url":"https:\/\/earthboundfarmca.com\/fr\/","name":"Earthbound Farm","description":"All Organic. Always.","publisher":{"@id":"https:\/\/earthboundfarmca.com\/fr\/#organization"},"potentialAction":[{"@type":"SearchAction","target":{"@type":"EntryPoint","urlTemplate":"https:\/\/earthboundfarmca.com\/fr\/?s={search_term_string}"},"query-input":{"@type":"PropertyValueSpecification","valueRequired":true,"valueName":"search_term_string"}}],"inLanguage":"fr-FR"},{"@type":"Organization","@id":"https:\/\/earthboundfarmca.com\/fr\/#organization","name":"Earthbound Farm","url":"https:\/\/earthboundfarmca.com\/fr\/","logo":{"@type":"ImageObject","inLanguage":"fr-FR","@id":"https:\/\/earthboundfarmca.com\/fr\/#\/schema\/logo\/image\/","url":"https:\/\/earthboundfarmca.com\/wp-content\/uploads\/2019\/05\/logo-earth-bound-farm-lo.png","contentUrl":"https:\/\/earthboundfarmca.com\/wp-content\/uploads\/2019\/05\/logo-earth-bound-farm-lo.png","width":185,"height":135,"caption":"Earthbound Farm"},"image":{"@id":"https:\/\/earthboundfarmca.com\/fr\/#\/schema\/logo\/image\/"},"sameAs":["https:\/\/www.facebook.com\/earthboundfarm","https:\/\/x.com\/earthboundfarm","https:\/\/www.instagram.com\/earthboundfarm\/","https:\/\/www.linkedin.com\/company\/earthbound-farm","https:\/\/www.pinterest.com\/earthboundfarm\/","https:\/\/www.youtube.com\/channel\/UCuB7dFAbpa1JkW3mzJKCKhw","https:\/\/en.wikipedia.org\/wiki\/Earthbound_Farm"]}]}},"_links":{"self":[{"href":"https:\/\/earthboundfarmca.com\/fr\/wp-json\/wp\/v2\/pages\/16375","targetHints":{"allow":["GET"]}}],"collection":[{"href":"https:\/\/earthboundfarmca.com\/fr\/wp-json\/wp\/v2\/pages"}],"about":[{"href":"https:\/\/earthboundfarmca.com\/fr\/wp-json\/wp\/v2\/types\/page"}],"author":[{"embeddable":true,"href":"https:\/\/earthboundfarmca.com\/fr\/wp-json\/wp\/v2\/users\/1"}],"replies":[{"embeddable":true,"href":"https:\/\/earthboundfarmca.com\/fr\/wp-json\/wp\/v2\/comments?post=16375"}],"version-history":[{"count":0,"href":"https:\/\/earthboundfarmca.com\/fr\/wp-json\/wp\/v2\/pages\/16375\/revisions"}],"wp:featuredmedia":[{"embeddable":true,"href":"https:\/\/earthboundfarmca.com\/fr\/wp-json\/wp\/v2\/media\/16696"}],"wp:attachment":[{"href":"https:\/\/earthboundfarmca.com\/fr\/wp-json\/wp\/v2\/media?parent=16375"}],"curies":[{"name":"wp","href":"https:\/\/api.w.org\/{rel}","templated":true}]}}