{"id":16164,"date":"2020-10-29T14:58:13","date_gmt":"2020-10-29T21:58:13","guid":{"rendered":"https:\/\/earthboundfarmca.com\/?page_id=16164"},"modified":"2022-07-20T19:21:41","modified_gmt":"2022-07-21T02:21:41","slug":"california-supply-chain-transparency-act","status":"publish","type":"page","link":"https:\/\/earthboundfarmca.com\/fr\/california-supply-chain-transparency-act\/","title":{"rendered":"Loi californienne sur la transparence de la cha\u00eene d&#8217;approvisionnement"},"content":{"rendered":"\n<p>Taylor Fresh Foods et ses filiales s&#8217;engagent \u00e0 respecter les normes les plus \u00e9lev\u00e9es en mati\u00e8re de conduite \u00e9thique et l\u00e9gale des affaires. Nous tenons notre entreprise, nos entrepreneurs, nos fournisseurs et nos vendeurs responsables de ce qui suit :<\/p>\n\n\n\n<ul class=\"wp-block-list\"><li>respecter les droits civils et les droits de l&#8217;homme<\/li><li>en offrant \u00e0 nos travailleurs des salaires \u00e9quitables et un environnement de travail sain et s\u00fbr<\/li><li>prot\u00e9ger notre environnement<\/li><li>avoir un impact positif sur nos communaut\u00e9s<\/li><\/ul>\n\n\n\n<p>Nous pensons que les personnes sont notre plus grand atout. Nous attendons beaucoup de nos employ\u00e9s et travaillons dans une culture de respect et de confiance. Nous nous engageons \u00e0 offrir l&#8217;\u00e9galit\u00e9 des chances \u00e0 tous et des possibilit\u00e9s de promotion interne. Nous respectons toutes les lois locales et nationales relatives \u00e0 la discrimination \u00e0 l&#8217;embauche et aux pratiques d&#8217;emploi pour des raisons de race, de couleur, de religion, de sexe, d&#8217;orientation sexuelle, d&#8217;\u00e2ge, de capacit\u00e9 physique, d&#8217;origine nationale ou de toute autre classe prot\u00e9g\u00e9e. Nous respectons toutes les lois locales et nationales concernant l&#8217;\u00e2ge l\u00e9gal d&#8217;embauche, ou moins de 15 ans lorsqu&#8217;il n&#8217;existe pas d&#8217;\u00e2ge minimum d&#8217;embauche. Nous promouvons et maintenons un lieu de travail exempt de discrimination, de harc\u00e8lement, de traite des \u00eatres humains, d&#8217;esclavage, d&#8217;emploi de mineurs et d&#8217;abus par l&#8217;\u00e9ducation, la communication et la formation.&nbsp;<\/p>\n\n\n\n<p>Notre engagement en faveur d&#8217;aliments frais de haute qualit\u00e9 commence avec nos fournisseurs de produits bruts. Notre \u00e9quipe charg\u00e9e de la s\u00e9curit\u00e9 alimentaire et de la conformit\u00e9 (FSC) assure la tra\u00e7abilit\u00e9 de nos ingr\u00e9dients jusqu&#8217;au nom du producteur, de l&#8217;exploitation, du lot, de l&#8217;emplacement et des codes de lot. Avant une \u00e9valuation sur place par notre \u00e9quipe FSC, le fournisseur doit soumettre une reconnaissance sign\u00e9e du fournisseur pour garantir la conformit\u00e9 \u00e0 toutes les lois f\u00e9d\u00e9rales\/de l&#8217;\u00c9tat li\u00e9es au bien-\u00eatre humain et \u00e0 la gestion de l&#8217;environnement, aux lois f\u00e9d\u00e9rales\/de l&#8217;\u00c9tat sur la s\u00e9curit\u00e9 alimentaire, ainsi qu&#8217;\u00e0 la gestion de la s\u00e9curit\u00e9 alimentaire et aux divulgations requises par Earthbound Farm.&nbsp;<\/p>\n\n\n\n<p>Une \u00e9valuation des fournisseurs sur site est men\u00e9e par notre \u00e9quipe FSC sur une base annuelle. Ces \u00e9valuations permettent de v\u00e9rifier la conformit\u00e9 des fournisseurs \u00e0 toutes les lois f\u00e9d\u00e9rales et \u00e9tatiques relatives au bien-\u00eatre humain et \u00e0 la gestion de l&#8217;environnement, aux lois f\u00e9d\u00e9rales et \u00e9tatiques sur la s\u00e9curit\u00e9 alimentaire, ainsi que leur adh\u00e9sion \u00e0 la gestion de la s\u00e9curit\u00e9 alimentaire et aux divulgations requises par Earthbound Farm. Les employ\u00e9s du FSC sont form\u00e9s sur la fa\u00e7on d&#8217;\u00e9valuer les fournisseurs \u00e0 risque par le biais d&#8217;un examen de la documentation sur la conformit\u00e9 juridique et la s\u00e9curit\u00e9 alimentaire. Dans le cas o\u00f9 un fournisseur ne r\u00e9pond pas aux exigences de Earthbound Farm Supplier Acknowledgement, un plan d&#8217;action correctif est mis en place en fonction de la gravit\u00e9 de la violation. Earthbound Farm applique une politique de tol\u00e9rance z\u00e9ro en ce qui concerne la traite des \u00eatres humains et l&#8217;esclavage, ainsi que les violations de la s\u00e9curit\u00e9 alimentaire \u00e0 haut risque.&nbsp;<\/p>\n","protected":false},"excerpt":{"rendered":"<p>Taylor Fresh Foods et ses filiales s&#8217;engagent \u00e0 respecter les normes les plus \u00e9lev\u00e9es en mati\u00e8re de conduite \u00e9thique et l\u00e9gale des affaires. Nous tenons notre entreprise, nos entrepreneurs, nos fournisseurs et nos vendeurs responsables de ce qui suit : respecter les droits civils et les droits de l&#8217;homme en offrant \u00e0 nos travailleurs des [&hellip;]<\/p>\n","protected":false},"author":16,"featured_media":14954,"parent":0,"menu_order":0,"comment_status":"closed","ping_status":"closed","template":"","meta":{"_acf_changed":false,"footnotes":""},"class_list":["post-16164","page","type-page","status-publish","has-post-thumbnail","hentry"],"acf":[],"yoast_head":"<!-- This site is optimized with the Yoast SEO plugin v27.2 - https:\/\/yoast.com\/product\/yoast-seo-wordpress\/ -->\n<title>Loi californienne sur la transparence de la cha\u00eene d&#039;approvisionnement | Earthbound Farm Canada<\/title>\n<meta name=\"robots\" content=\"index, follow, max-snippet:-1, max-image-preview:large, max-video-preview:-1\" \/>\n<link rel=\"canonical\" href=\"https:\/\/earthboundfarmca.com\/fr\/california-supply-chain-transparency-act\/\" \/>\n<meta property=\"og:locale\" content=\"fr_FR\" \/>\n<meta property=\"og:type\" content=\"article\" \/>\n<meta property=\"og:title\" content=\"Loi californienne sur la transparence de la cha\u00eene d&#039;approvisionnement | Earthbound Farm Canada\" \/>\n<meta property=\"og:description\" content=\"Taylor Fresh Foods et ses filiales s&#8217;engagent \u00e0 respecter les normes les plus \u00e9lev\u00e9es en mati\u00e8re de conduite \u00e9thique et l\u00e9gale des affaires. Nous tenons notre entreprise, nos entrepreneurs, nos fournisseurs et nos vendeurs responsables de ce qui suit : respecter les droits civils et les droits de l&#8217;homme en offrant \u00e0 nos travailleurs des [&hellip;]\" \/>\n<meta property=\"og:url\" content=\"https:\/\/earthboundfarmca.com\/fr\/california-supply-chain-transparency-act\/\" \/>\n<meta property=\"og:site_name\" content=\"Earthbound Farm Canada\" \/>\n<meta property=\"article:publisher\" content=\"https:\/\/www.facebook.com\/earthboundfarm\" \/>\n<meta property=\"article:modified_time\" content=\"2022-07-21T02:21:41+00:00\" \/>\n<meta property=\"og:image\" content=\"https:\/\/earthboundfarmca.com\/wp-content\/uploads\/2019\/07\/Carrots_1920x920.jpg\" \/>\n\t<meta property=\"og:image:width\" content=\"1920\" \/>\n\t<meta property=\"og:image:height\" content=\"920\" \/>\n\t<meta property=\"og:image:type\" content=\"image\/jpeg\" \/>\n<meta name=\"twitter:card\" content=\"summary_large_image\" \/>\n<meta name=\"twitter:site\" content=\"@earthboundfarm\" \/>\n<meta name=\"twitter:label1\" content=\"Dur\u00e9e de lecture estim\u00e9e\" \/>\n\t<meta name=\"twitter:data1\" content=\"3 minutes\" \/>\n<!-- \/ Yoast SEO plugin. -->","yoast_head_json":{"title":"Loi californienne sur la transparence de la cha\u00eene d'approvisionnement | Earthbound Farm Canada","robots":{"index":"index","follow":"follow","max-snippet":"max-snippet:-1","max-image-preview":"max-image-preview:large","max-video-preview":"max-video-preview:-1"},"canonical":"https:\/\/earthboundfarmca.com\/fr\/california-supply-chain-transparency-act\/","og_locale":"fr_FR","og_type":"article","og_title":"Loi californienne sur la transparence de la cha\u00eene d'approvisionnement | Earthbound Farm Canada","og_description":"Taylor Fresh Foods et ses filiales s&#8217;engagent \u00e0 respecter les normes les plus \u00e9lev\u00e9es en mati\u00e8re de conduite \u00e9thique et l\u00e9gale des affaires. Nous tenons notre entreprise, nos entrepreneurs, nos fournisseurs et nos vendeurs responsables de ce qui suit : respecter les droits civils et les droits de l&#8217;homme en offrant \u00e0 nos travailleurs des [&hellip;]","og_url":"https:\/\/earthboundfarmca.com\/fr\/california-supply-chain-transparency-act\/","og_site_name":"Earthbound Farm Canada","article_publisher":"https:\/\/www.facebook.com\/earthboundfarm","article_modified_time":"2022-07-21T02:21:41+00:00","og_image":[{"width":1920,"height":920,"url":"https:\/\/earthboundfarmca.com\/wp-content\/uploads\/2019\/07\/Carrots_1920x920.jpg","type":"image\/jpeg"}],"twitter_card":"summary_large_image","twitter_site":"@earthboundfarm","twitter_misc":{"Dur\u00e9e de lecture estim\u00e9e":"3 minutes"},"schema":{"@context":"https:\/\/schema.org","@graph":[{"@type":"WebPage","@id":"https:\/\/earthboundfarmca.com\/fr\/california-supply-chain-transparency-act\/","url":"https:\/\/earthboundfarmca.com\/fr\/california-supply-chain-transparency-act\/","name":"Loi californienne sur la transparence de la cha\u00eene d'approvisionnement | Earthbound Farm Canada","isPartOf":{"@id":"https:\/\/earthboundfarmca.com\/fr\/#website"},"primaryImageOfPage":{"@id":"https:\/\/earthboundfarmca.com\/fr\/california-supply-chain-transparency-act\/#primaryimage"},"image":{"@id":"https:\/\/earthboundfarmca.com\/fr\/california-supply-chain-transparency-act\/#primaryimage"},"thumbnailUrl":"https:\/\/earthboundfarmca.com\/wp-content\/uploads\/2019\/07\/Carrots_1920x920.jpg","datePublished":"2020-10-29T21:58:13+00:00","dateModified":"2022-07-21T02:21:41+00:00","breadcrumb":{"@id":"https:\/\/earthboundfarmca.com\/fr\/california-supply-chain-transparency-act\/#breadcrumb"},"inLanguage":"fr-FR","potentialAction":[{"@type":"ReadAction","target":["https:\/\/earthboundfarmca.com\/fr\/california-supply-chain-transparency-act\/"]}]},{"@type":"ImageObject","inLanguage":"fr-FR","@id":"https:\/\/earthboundfarmca.com\/fr\/california-supply-chain-transparency-act\/#primaryimage","url":"https:\/\/earthboundfarmca.com\/wp-content\/uploads\/2019\/07\/Carrots_1920x920.jpg","contentUrl":"https:\/\/earthboundfarmca.com\/wp-content\/uploads\/2019\/07\/Carrots_1920x920.jpg","width":1920,"height":920},{"@type":"BreadcrumbList","@id":"https:\/\/earthboundfarmca.com\/fr\/california-supply-chain-transparency-act\/#breadcrumb","itemListElement":[{"@type":"ListItem","position":1,"name":"Home","item":"https:\/\/earthboundfarmca.com\/fr\/"},{"@type":"ListItem","position":2,"name":"Loi californienne sur la transparence de la cha\u00eene d&#8217;approvisionnement"}]},{"@type":"WebSite","@id":"https:\/\/earthboundfarmca.com\/fr\/#website","url":"https:\/\/earthboundfarmca.com\/fr\/","name":"Earthbound Farm","description":"All Organic. Always.","publisher":{"@id":"https:\/\/earthboundfarmca.com\/fr\/#organization"},"potentialAction":[{"@type":"SearchAction","target":{"@type":"EntryPoint","urlTemplate":"https:\/\/earthboundfarmca.com\/fr\/?s={search_term_string}"},"query-input":{"@type":"PropertyValueSpecification","valueRequired":true,"valueName":"search_term_string"}}],"inLanguage":"fr-FR"},{"@type":"Organization","@id":"https:\/\/earthboundfarmca.com\/fr\/#organization","name":"Earthbound Farm","url":"https:\/\/earthboundfarmca.com\/fr\/","logo":{"@type":"ImageObject","inLanguage":"fr-FR","@id":"https:\/\/earthboundfarmca.com\/fr\/#\/schema\/logo\/image\/","url":"https:\/\/earthboundfarmca.com\/wp-content\/uploads\/2019\/05\/logo-earth-bound-farm-lo.png","contentUrl":"https:\/\/earthboundfarmca.com\/wp-content\/uploads\/2019\/05\/logo-earth-bound-farm-lo.png","width":185,"height":135,"caption":"Earthbound Farm"},"image":{"@id":"https:\/\/earthboundfarmca.com\/fr\/#\/schema\/logo\/image\/"},"sameAs":["https:\/\/www.facebook.com\/earthboundfarm","https:\/\/x.com\/earthboundfarm","https:\/\/www.instagram.com\/earthboundfarm\/","https:\/\/www.linkedin.com\/company\/earthbound-farm","https:\/\/www.pinterest.com\/earthboundfarm\/","https:\/\/www.youtube.com\/channel\/UCuB7dFAbpa1JkW3mzJKCKhw","https:\/\/en.wikipedia.org\/wiki\/Earthbound_Farm"]}]}},"_links":{"self":[{"href":"https:\/\/earthboundfarmca.com\/fr\/wp-json\/wp\/v2\/pages\/16164","targetHints":{"allow":["GET"]}}],"collection":[{"href":"https:\/\/earthboundfarmca.com\/fr\/wp-json\/wp\/v2\/pages"}],"about":[{"href":"https:\/\/earthboundfarmca.com\/fr\/wp-json\/wp\/v2\/types\/page"}],"author":[{"embeddable":true,"href":"https:\/\/earthboundfarmca.com\/fr\/wp-json\/wp\/v2\/users\/16"}],"replies":[{"embeddable":true,"href":"https:\/\/earthboundfarmca.com\/fr\/wp-json\/wp\/v2\/comments?post=16164"}],"version-history":[{"count":0,"href":"https:\/\/earthboundfarmca.com\/fr\/wp-json\/wp\/v2\/pages\/16164\/revisions"}],"wp:featuredmedia":[{"embeddable":true,"href":"https:\/\/earthboundfarmca.com\/fr\/wp-json\/wp\/v2\/media\/14954"}],"wp:attachment":[{"href":"https:\/\/earthboundfarmca.com\/fr\/wp-json\/wp\/v2\/media?parent=16164"}],"curies":[{"name":"wp","href":"https:\/\/api.w.org\/{rel}","templated":true}]}}