{"id":16152,"date":"2017-01-20T17:49:07","date_gmt":"2017-01-21T01:49:07","guid":{"rendered":"https:\/\/earthboundfarmca.com\/?page_id=16152"},"modified":"2022-07-20T18:39:59","modified_gmt":"2022-07-21T01:39:59","slug":"privacy-policy","status":"publish","type":"page","link":"https:\/\/earthboundfarmca.com\/fr\/privacy-policy\/","title":{"rendered":"Politique de confidentialit\u00e9"},"content":{"rendered":"<div class=\"entry-content clearfix\">\n<p>Nous utilisons des cookies sur notre site web pour nous aider \u00e0 comprendre comment les gens utilisent notre site et ce qu&#8217;ils trouvent int\u00e9ressant. Nos partenaires de soutien marketing examinent \u00e9galement ces informations.<\/p>\n<p>Lorsque vous correspondez avec nous par l&#8217;interm\u00e9diaire de notre service client\u00e8le ou que vous vous inscrivez \u00e0 notre bulletin d&#8217;information \u00e9lectronique, nous traitons cette correspondance comme une correspondance priv\u00e9e entre vous et notre soci\u00e9t\u00e9.<\/p>\n<p>Notre bulletin d&#8217;information \u00e9lectronique est envoy\u00e9 uniquement aux personnes qui se sont express\u00e9ment inscrites par le biais de notre outil d&#8217;abonnement en ligne ou de promotions en personne ou en ligne. Si vous avez \u00e9t\u00e9 ajout\u00e9 \u00e0 notre liste par erreur, il vous suffit de&nbsp;<a href=\"mailto:earthbound@taylorfarms.com\">nous envoyer un courriel<\/a>&nbsp;ou d&#8217;appeler notre service client\u00e8le au 800-690-3200, et nous corrigerons imm\u00e9diatement le probl\u00e8me.<\/p>\n<p>Si vous avez des questions sur nos politiques concernant les informations que vous avez partag\u00e9es avec nous ou votre confidentialit\u00e9 en ligne, veuillez&nbsp;<a href=\"mailto:earthbound@taylorfarms.com\">nous envoyer un courriel<\/a>.<\/p>\n<p>Merci de visiter Earthbound Farm en ligne !<\/p>\n<\/div>\n","protected":false},"excerpt":{"rendered":"<p>Nous utilisons des cookies sur notre site web pour nous aider \u00e0 comprendre comment les gens utilisent notre site et ce qu&#8217;ils trouvent int\u00e9ressant. Nos partenaires de soutien marketing examinent \u00e9galement ces informations. Lorsque vous correspondez avec nous par l&#8217;interm\u00e9diaire de notre service client\u00e8le ou que vous vous inscrivez \u00e0 notre bulletin d&#8217;information \u00e9lectronique, nous [&hellip;]<\/p>\n","protected":false},"author":16,"featured_media":0,"parent":0,"menu_order":0,"comment_status":"closed","ping_status":"closed","template":"","meta":{"_acf_changed":false,"footnotes":""},"class_list":["post-16152","page","type-page","status-publish","hentry"],"acf":[],"yoast_head":"<!-- This site is optimized with the Yoast SEO plugin v27.2 - https:\/\/yoast.com\/product\/yoast-seo-wordpress\/ -->\n<title>Politique de confidentialit\u00e9 | Earthbound Farm Canada<\/title>\n<meta name=\"robots\" content=\"index, follow, max-snippet:-1, max-image-preview:large, max-video-preview:-1\" \/>\n<link rel=\"canonical\" href=\"https:\/\/earthboundfarmca.com\/fr\/privacy-policy\/\" \/>\n<meta property=\"og:locale\" content=\"fr_FR\" \/>\n<meta property=\"og:type\" content=\"article\" \/>\n<meta property=\"og:title\" content=\"Politique de confidentialit\u00e9 | Earthbound Farm Canada\" \/>\n<meta property=\"og:description\" content=\"Nous utilisons des cookies sur notre site web pour nous aider \u00e0 comprendre comment les gens utilisent notre site et ce qu&#8217;ils trouvent int\u00e9ressant. Nos partenaires de soutien marketing examinent \u00e9galement ces informations. Lorsque vous correspondez avec nous par l&#8217;interm\u00e9diaire de notre service client\u00e8le ou que vous vous inscrivez \u00e0 notre bulletin d&#8217;information \u00e9lectronique, nous [&hellip;]\" \/>\n<meta property=\"og:url\" content=\"https:\/\/earthboundfarmca.com\/fr\/privacy-policy\/\" \/>\n<meta property=\"og:site_name\" content=\"Earthbound Farm Canada\" \/>\n<meta property=\"article:publisher\" content=\"https:\/\/www.facebook.com\/earthboundfarm\" \/>\n<meta property=\"article:modified_time\" content=\"2022-07-21T01:39:59+00:00\" \/>\n<meta name=\"twitter:card\" content=\"summary_large_image\" \/>\n<meta name=\"twitter:site\" content=\"@earthboundfarm\" \/>\n<meta name=\"twitter:label1\" content=\"Dur\u00e9e de lecture estim\u00e9e\" \/>\n\t<meta name=\"twitter:data1\" content=\"1 minute\" \/>\n<!-- \/ Yoast SEO plugin. -->","yoast_head_json":{"title":"Politique de confidentialit\u00e9 | Earthbound Farm Canada","robots":{"index":"index","follow":"follow","max-snippet":"max-snippet:-1","max-image-preview":"max-image-preview:large","max-video-preview":"max-video-preview:-1"},"canonical":"https:\/\/earthboundfarmca.com\/fr\/privacy-policy\/","og_locale":"fr_FR","og_type":"article","og_title":"Politique de confidentialit\u00e9 | Earthbound Farm Canada","og_description":"Nous utilisons des cookies sur notre site web pour nous aider \u00e0 comprendre comment les gens utilisent notre site et ce qu&#8217;ils trouvent int\u00e9ressant. Nos partenaires de soutien marketing examinent \u00e9galement ces informations. Lorsque vous correspondez avec nous par l&#8217;interm\u00e9diaire de notre service client\u00e8le ou que vous vous inscrivez \u00e0 notre bulletin d&#8217;information \u00e9lectronique, nous [&hellip;]","og_url":"https:\/\/earthboundfarmca.com\/fr\/privacy-policy\/","og_site_name":"Earthbound Farm Canada","article_publisher":"https:\/\/www.facebook.com\/earthboundfarm","article_modified_time":"2022-07-21T01:39:59+00:00","twitter_card":"summary_large_image","twitter_site":"@earthboundfarm","twitter_misc":{"Dur\u00e9e de lecture estim\u00e9e":"1 minute"},"schema":{"@context":"https:\/\/schema.org","@graph":[{"@type":"WebPage","@id":"https:\/\/earthboundfarmca.com\/fr\/privacy-policy\/","url":"https:\/\/earthboundfarmca.com\/fr\/privacy-policy\/","name":"Politique de confidentialit\u00e9 | Earthbound Farm Canada","isPartOf":{"@id":"https:\/\/earthboundfarmca.com\/fr\/#website"},"datePublished":"2017-01-21T01:49:07+00:00","dateModified":"2022-07-21T01:39:59+00:00","breadcrumb":{"@id":"https:\/\/earthboundfarmca.com\/fr\/privacy-policy\/#breadcrumb"},"inLanguage":"fr-FR","potentialAction":[{"@type":"ReadAction","target":["https:\/\/earthboundfarmca.com\/fr\/privacy-policy\/"]}]},{"@type":"BreadcrumbList","@id":"https:\/\/earthboundfarmca.com\/fr\/privacy-policy\/#breadcrumb","itemListElement":[{"@type":"ListItem","position":1,"name":"Home","item":"https:\/\/earthboundfarmca.com\/fr\/"},{"@type":"ListItem","position":2,"name":"Politique de confidentialit\u00e9"}]},{"@type":"WebSite","@id":"https:\/\/earthboundfarmca.com\/fr\/#website","url":"https:\/\/earthboundfarmca.com\/fr\/","name":"Earthbound Farm","description":"All Organic. Always.","publisher":{"@id":"https:\/\/earthboundfarmca.com\/fr\/#organization"},"potentialAction":[{"@type":"SearchAction","target":{"@type":"EntryPoint","urlTemplate":"https:\/\/earthboundfarmca.com\/fr\/?s={search_term_string}"},"query-input":{"@type":"PropertyValueSpecification","valueRequired":true,"valueName":"search_term_string"}}],"inLanguage":"fr-FR"},{"@type":"Organization","@id":"https:\/\/earthboundfarmca.com\/fr\/#organization","name":"Earthbound Farm","url":"https:\/\/earthboundfarmca.com\/fr\/","logo":{"@type":"ImageObject","inLanguage":"fr-FR","@id":"https:\/\/earthboundfarmca.com\/fr\/#\/schema\/logo\/image\/","url":"https:\/\/earthboundfarmca.com\/wp-content\/uploads\/2019\/05\/logo-earth-bound-farm-lo.png","contentUrl":"https:\/\/earthboundfarmca.com\/wp-content\/uploads\/2019\/05\/logo-earth-bound-farm-lo.png","width":185,"height":135,"caption":"Earthbound Farm"},"image":{"@id":"https:\/\/earthboundfarmca.com\/fr\/#\/schema\/logo\/image\/"},"sameAs":["https:\/\/www.facebook.com\/earthboundfarm","https:\/\/x.com\/earthboundfarm","https:\/\/www.instagram.com\/earthboundfarm\/","https:\/\/www.linkedin.com\/company\/earthbound-farm","https:\/\/www.pinterest.com\/earthboundfarm\/","https:\/\/www.youtube.com\/channel\/UCuB7dFAbpa1JkW3mzJKCKhw","https:\/\/en.wikipedia.org\/wiki\/Earthbound_Farm"]}]}},"_links":{"self":[{"href":"https:\/\/earthboundfarmca.com\/fr\/wp-json\/wp\/v2\/pages\/16152","targetHints":{"allow":["GET"]}}],"collection":[{"href":"https:\/\/earthboundfarmca.com\/fr\/wp-json\/wp\/v2\/pages"}],"about":[{"href":"https:\/\/earthboundfarmca.com\/fr\/wp-json\/wp\/v2\/types\/page"}],"author":[{"embeddable":true,"href":"https:\/\/earthboundfarmca.com\/fr\/wp-json\/wp\/v2\/users\/16"}],"replies":[{"embeddable":true,"href":"https:\/\/earthboundfarmca.com\/fr\/wp-json\/wp\/v2\/comments?post=16152"}],"version-history":[{"count":0,"href":"https:\/\/earthboundfarmca.com\/fr\/wp-json\/wp\/v2\/pages\/16152\/revisions"}],"wp:attachment":[{"href":"https:\/\/earthboundfarmca.com\/fr\/wp-json\/wp\/v2\/media?parent=16152"}],"curies":[{"name":"wp","href":"https:\/\/api.w.org\/{rel}","templated":true}]}}