{"id":16110,"date":"2017-01-10T20:36:47","date_gmt":"2017-01-11T04:36:47","guid":{"rendered":"https:\/\/earthboundfarmca.com\/?page_id=16110"},"modified":"2022-07-20T15:55:45","modified_gmt":"2022-07-20T22:55:45","slug":"our-heritage","status":"publish","type":"page","link":"https:\/\/earthboundfarmca.com\/fr\/about\/our-heritage\/","title":{"rendered":"Notre patrimoine"},"content":{"rendered":"<h1 style=\"text-align: center;\">NOS RACINES BIOLOGIQUES SONT PROFONDES<\/h1>\n<h3><\/h3>\n<div class=\"entry-content clearfix\">\n<h3>La naissance d\u2019Earthbound Farm<\/h3>\n<p>Notre agriculture et nos aliments biologiques contribuent \u00e0 cr\u00e9er un monde plus sain depuis 1984. Cette ann\u00e9e-l\u00e0, Drew et Myra Goodman ont fond\u00e9 Earthbound Farm en d\u00e9cidant de cultiver de mani\u00e8re biologique les framboisiers ancestraux qui se trouvaient sur leur petite parcelle de 2,5 acres situ\u00e9e \u00e0 Carmel Valley, en Californie. Gr\u00e2ce \u00e0 leur passion pour une agriculture en harmonie avec la nature, Earthbound Farm est devenue l\u2019une des premi\u00e8res marques \u00e0 faciliter l\u2019acc\u00e8s aux aliments biologiques.<\/p>\n<h3>Croissance de la ferme et du mouvement<\/h3>\n<p>Rejointe par des agriculteurs familiaux d\u00e9vou\u00e9s de troisi\u00e8me g\u00e9n\u00e9ration \u2014 Stan Pura, John Romans et la soci\u00e9t\u00e9 Mission Ranches \u2014, la minuscule ferme artisanale Earthbound Farm a grandi et offre aujourd\u2019hui des produits biologiques d\u00e9licieux et frais, de la ferme au supermarch\u00e9, du magasin du coin et \u00e0 la table de cuisine.<\/p>\n<h3>Earthbound aujourd&#8217;hui<\/h3>\n<p>En avril 2019, Earthbound Farm est devenue une entit\u00e9 de Taylor Farms, un groupe familial ind\u00e9pendant bas\u00e9 dans la vall\u00e9e du Salinas. Les deux entreprises collaborent toutefois depuis des dizaines d\u2019ann\u00e9es. Aux premiers jours de Taylor Farms, Earthbound Farm lui fournissait de jeunes pousses emball\u00e9es et pr\u00e9lav\u00e9es (comme le m\u00e9lange printanier, les jeunes \u00e9pinards, la jeune roquette, etc.) pour ses clients du service alimentaire.<\/p>\n<p>Depuis, Taylor Farms est devenue l\u2019une des entreprises de produits frais les plus respect\u00e9es du pays. Elle compte aujourd\u2019hui 10\u2009000 employ\u00e9s d\u00e9vou\u00e9s, chacun profond\u00e9ment attach\u00e9 \u00e0 la qualit\u00e9 de son produit. Pilier de la collectivit\u00e9 de la vall\u00e9e du Salinas, Taylor Farms est appr\u00e9ci\u00e9e et participe activement \u00e0 des activit\u00e9s philanthropiques et communautaires afin de soutenir sa vitalit\u00e9\u2026 et de pr\u00e9server l\u2019h\u00e9ritage de l\u2019industrie californienne des produits frais.<\/p>\n<p>Aujourd\u2019hui, cette petite ferme artisanale d\u00e9sorganis\u00e9e qui est n\u00e9e de l\u2019\u00ab\u2009agripreneuriat\u2009\u00bb est devenue l\u2019une des grandes marques d\u2019aliments biologiques frais \u2014 la marque phare de Taylor Farms \u2014 et continue de rendre ces d\u00e9licieux aliments plus accessibles pour tous. Nous sommes fiers d\u2019\u00eatre une entreprise pionni\u00e8re fond\u00e9e sur des principes et de poursuivre notre travail passionn\u00e9, ici, dans la vall\u00e9e du Salinas. Nous sommes fiers d\u2019\u00eatre enti\u00e8rement biologiques. Toujours.<\/p>\n<\/div>\n","protected":false},"excerpt":{"rendered":"<p>NOS RACINES BIOLOGIQUES SONT PROFONDES La naissance d\u2019Earthbound Farm Notre agriculture et nos aliments biologiques contribuent \u00e0 cr\u00e9er un monde plus sain depuis 1984. Cette ann\u00e9e-l\u00e0, Drew et Myra Goodman ont fond\u00e9 Earthbound Farm en d\u00e9cidant de cultiver de mani\u00e8re biologique les framboisiers ancestraux qui se trouvaient sur leur petite parcelle de 2,5 acres situ\u00e9e [&hellip;]<\/p>\n","protected":false},"author":16,"featured_media":0,"parent":16073,"menu_order":0,"comment_status":"open","ping_status":"closed","template":"","meta":{"_acf_changed":false,"footnotes":""},"class_list":["post-16110","page","type-page","status-publish","hentry"],"acf":[],"yoast_head":"<!-- This site is optimized with the Yoast SEO plugin v27.4 - https:\/\/yoast.com\/product\/yoast-seo-wordpress\/ -->\n<title>Notre patrimoine | Earthbound Farm Canada<\/title>\n<meta name=\"robots\" content=\"index, follow, max-snippet:-1, max-image-preview:large, max-video-preview:-1\" \/>\n<link rel=\"canonical\" href=\"https:\/\/earthboundfarmca.com\/fr\/about\/our-heritage\/\" \/>\n<meta property=\"og:locale\" content=\"fr_FR\" \/>\n<meta property=\"og:type\" content=\"article\" \/>\n<meta property=\"og:title\" content=\"Notre patrimoine | Earthbound Farm Canada\" \/>\n<meta property=\"og:description\" content=\"NOS RACINES BIOLOGIQUES SONT PROFONDES La naissance d\u2019Earthbound Farm Notre agriculture et nos aliments biologiques contribuent \u00e0 cr\u00e9er un monde plus sain depuis 1984. Cette ann\u00e9e-l\u00e0, Drew et Myra Goodman ont fond\u00e9 Earthbound Farm en d\u00e9cidant de cultiver de mani\u00e8re biologique les framboisiers ancestraux qui se trouvaient sur leur petite parcelle de 2,5 acres situ\u00e9e [&hellip;]\" \/>\n<meta property=\"og:url\" content=\"https:\/\/earthboundfarmca.com\/fr\/about\/our-heritage\/\" \/>\n<meta property=\"og:site_name\" content=\"Earthbound Farm Canada\" \/>\n<meta property=\"article:publisher\" content=\"https:\/\/www.facebook.com\/earthboundfarm\" \/>\n<meta property=\"article:modified_time\" content=\"2022-07-20T22:55:45+00:00\" \/>\n<meta name=\"twitter:card\" content=\"summary_large_image\" \/>\n<meta name=\"twitter:site\" content=\"@earthboundfarm\" \/>\n<meta name=\"twitter:label1\" content=\"Dur\u00e9e de lecture estim\u00e9e\" \/>\n\t<meta name=\"twitter:data1\" content=\"2 minutes\" \/>\n<!-- \/ Yoast SEO plugin. -->","yoast_head_json":{"title":"Notre patrimoine | Earthbound Farm Canada","robots":{"index":"index","follow":"follow","max-snippet":"max-snippet:-1","max-image-preview":"max-image-preview:large","max-video-preview":"max-video-preview:-1"},"canonical":"https:\/\/earthboundfarmca.com\/fr\/about\/our-heritage\/","og_locale":"fr_FR","og_type":"article","og_title":"Notre patrimoine | Earthbound Farm Canada","og_description":"NOS RACINES BIOLOGIQUES SONT PROFONDES La naissance d\u2019Earthbound Farm Notre agriculture et nos aliments biologiques contribuent \u00e0 cr\u00e9er un monde plus sain depuis 1984. Cette ann\u00e9e-l\u00e0, Drew et Myra Goodman ont fond\u00e9 Earthbound Farm en d\u00e9cidant de cultiver de mani\u00e8re biologique les framboisiers ancestraux qui se trouvaient sur leur petite parcelle de 2,5 acres situ\u00e9e [&hellip;]","og_url":"https:\/\/earthboundfarmca.com\/fr\/about\/our-heritage\/","og_site_name":"Earthbound Farm Canada","article_publisher":"https:\/\/www.facebook.com\/earthboundfarm","article_modified_time":"2022-07-20T22:55:45+00:00","twitter_card":"summary_large_image","twitter_site":"@earthboundfarm","twitter_misc":{"Dur\u00e9e de lecture estim\u00e9e":"2 minutes"},"schema":{"@context":"https:\/\/schema.org","@graph":[{"@type":"WebPage","@id":"https:\/\/earthboundfarmca.com\/fr\/about\/our-heritage\/","url":"https:\/\/earthboundfarmca.com\/fr\/about\/our-heritage\/","name":"Notre patrimoine | Earthbound Farm Canada","isPartOf":{"@id":"https:\/\/earthboundfarmca.com\/fr\/#website"},"datePublished":"2017-01-11T04:36:47+00:00","dateModified":"2022-07-20T22:55:45+00:00","breadcrumb":{"@id":"https:\/\/earthboundfarmca.com\/fr\/about\/our-heritage\/#breadcrumb"},"inLanguage":"fr-FR","potentialAction":[{"@type":"ReadAction","target":["https:\/\/earthboundfarmca.com\/fr\/about\/our-heritage\/"]}]},{"@type":"BreadcrumbList","@id":"https:\/\/earthboundfarmca.com\/fr\/about\/our-heritage\/#breadcrumb","itemListElement":[{"@type":"ListItem","position":1,"name":"Home","item":"https:\/\/earthboundfarmca.com\/fr\/"},{"@type":"ListItem","position":2,"name":"\u00c0 propos de","item":"https:\/\/earthboundfarmca.com\/fr\/about\/"},{"@type":"ListItem","position":3,"name":"Notre patrimoine"}]},{"@type":"WebSite","@id":"https:\/\/earthboundfarmca.com\/fr\/#website","url":"https:\/\/earthboundfarmca.com\/fr\/","name":"Earthbound Farm","description":"All Organic. Always.","publisher":{"@id":"https:\/\/earthboundfarmca.com\/fr\/#organization"},"potentialAction":[{"@type":"SearchAction","target":{"@type":"EntryPoint","urlTemplate":"https:\/\/earthboundfarmca.com\/fr\/?s={search_term_string}"},"query-input":{"@type":"PropertyValueSpecification","valueRequired":true,"valueName":"search_term_string"}}],"inLanguage":"fr-FR"},{"@type":"Organization","@id":"https:\/\/earthboundfarmca.com\/fr\/#organization","name":"Earthbound Farm","url":"https:\/\/earthboundfarmca.com\/fr\/","logo":{"@type":"ImageObject","inLanguage":"fr-FR","@id":"https:\/\/earthboundfarmca.com\/fr\/#\/schema\/logo\/image\/","url":"https:\/\/earthboundfarmca.com\/wp-content\/uploads\/2019\/05\/logo-earth-bound-farm-lo.png","contentUrl":"https:\/\/earthboundfarmca.com\/wp-content\/uploads\/2019\/05\/logo-earth-bound-farm-lo.png","width":185,"height":135,"caption":"Earthbound Farm"},"image":{"@id":"https:\/\/earthboundfarmca.com\/fr\/#\/schema\/logo\/image\/"},"sameAs":["https:\/\/www.facebook.com\/earthboundfarm","https:\/\/x.com\/earthboundfarm","https:\/\/www.instagram.com\/earthboundfarm\/","https:\/\/www.linkedin.com\/company\/earthbound-farm","https:\/\/www.pinterest.com\/earthboundfarm\/","https:\/\/www.youtube.com\/channel\/UCuB7dFAbpa1JkW3mzJKCKhw","https:\/\/en.wikipedia.org\/wiki\/Earthbound_Farm"]}]}},"_links":{"self":[{"href":"https:\/\/earthboundfarmca.com\/fr\/wp-json\/wp\/v2\/pages\/16110","targetHints":{"allow":["GET"]}}],"collection":[{"href":"https:\/\/earthboundfarmca.com\/fr\/wp-json\/wp\/v2\/pages"}],"about":[{"href":"https:\/\/earthboundfarmca.com\/fr\/wp-json\/wp\/v2\/types\/page"}],"author":[{"embeddable":true,"href":"https:\/\/earthboundfarmca.com\/fr\/wp-json\/wp\/v2\/users\/16"}],"replies":[{"embeddable":true,"href":"https:\/\/earthboundfarmca.com\/fr\/wp-json\/wp\/v2\/comments?post=16110"}],"version-history":[{"count":0,"href":"https:\/\/earthboundfarmca.com\/fr\/wp-json\/wp\/v2\/pages\/16110\/revisions"}],"up":[{"embeddable":true,"href":"https:\/\/earthboundfarmca.com\/fr\/wp-json\/wp\/v2\/pages\/16073"}],"wp:attachment":[{"href":"https:\/\/earthboundfarmca.com\/fr\/wp-json\/wp\/v2\/media?parent=16110"}],"curies":[{"name":"wp","href":"https:\/\/api.w.org\/{rel}","templated":true}]}}