{"id":16086,"date":"2019-06-24T10:41:19","date_gmt":"2019-06-24T17:41:19","guid":{"rendered":"https:\/\/earthboundfarmca.com\/?page_id=16086"},"modified":"2022-07-22T15:40:07","modified_gmt":"2022-07-22T22:40:07","slug":"meet-farmer-lee-carter","status":"publish","type":"page","link":"https:\/\/earthboundfarmca.com\/fr\/about\/our-farmers\/meet-farmer-lee-carter\/","title":{"rendered":"Meet Farmer Lee Carter"},"content":{"rendered":"<h1 style=\"text-align: center;\">Lee Carter<\/h1>\n<p><span style=\"font-weight: 400;\">Lee\u00a0Carter est arriv\u00e9 \u00e0 Earthbound Farm en marchant, litt\u00e9ralement. \u00c0 l\u2019\u00e9poque, il \u00ab\u2009parcourait les champs\u2009\u00bb pour un agriculteur d\u2019Earthbound. Dans le domaine agricole, cela signifie rep\u00e9rer la pr\u00e9sence de parasites et de mauvaises herbes. Cette t\u00e2che aide les agriculteurs \u00e0 trouver des solutions biologiques pour pr\u00e9server la sant\u00e9 de leurs cultures. Aujourd\u2019hui, Lee exploite plus de 15\u2009000\u00a0acres pour Earthbound Farm \u00e0 Hollister, en Californie, et dans les environs.\u00a0<\/span><\/p>\n<p><span style=\"font-weight: 400;\">\u00ab\u2009J\u2019aime le d\u00e9fi que repr\u00e9sente la culture biologique\u2009\u00bb, explique Lee, qui a l\u2019agriculture dans le sang.\u00a0<\/span><\/p>\n<p><span style=\"font-weight: 400;\">Lee a grandi pr\u00e8s de King City, en Californie, une communaut\u00e9 traditionnellement agricole de la vall\u00e9e du Salinas. \u00ab\u2009Mes parents \u00e9taient des \u00e9leveurs de b\u00e9tail, mais nous avions beaucoup d\u2019amis dans la production de fruits et de l\u00e9gumes.\u2009\u00bb<\/span><\/p>\n<p><span style=\"font-weight: 400;\">Toutefois, il y a environ 12\u00a0ans seulement, lorsqu\u2019il a commenc\u00e9 \u00e0 parcourir les champs, Lee a appris \u00e0 conna\u00eetre la production biologique. Aujourd\u2019hui, il produit des cultures \u00e0 haute densit\u00e9 pour Earthbound Farm, notamment des \u00e9pinards, de jeunes feuilles, des bettes \u00e0 carde, de la laitue mizuna, du jeune chou fris\u00e9, ainsi que du c\u00e9leri, du brocoli, de la romaine et du radicchio.<\/span><\/p>\n<p><span style=\"font-weight: 400;\">Pour tout vous dire, Lee est incapable de r\u00e9sister au \u00ab\u2009magnifique spectacle des radicchios dans les champs\u2009\u00bb. Il adore la vue de leurs jolies feuilles pourpres nervur\u00e9es de blanc qui forment des pommes semblables \u00e0 des choux.\u00a0<\/span><\/p>\n<p><span style=\"font-weight: 400;\">Les journ\u00e9es de Lee sont bien remplies. Il supervise 45\u00a0employ\u00e9s, qui travaillent sur de nombreuses parcelles de terrain. Cela exige beaucoup de d\u00e9placements en voiture. \u00ab\u2009Entre la plantation, la culture, la r\u00e9colte et tout le reste, on ne s\u2019ennuie pas!\u2009\u00bb, explique-t-il. Heureusement, il a constitu\u00e9 une \u00e9quipe formidable en qui il a enti\u00e8rement confiance.<\/span><\/p>\n<p><span style=\"font-weight: 400;\">Lee travaille dur pour que ses champs soient exempts de mauvaises herbes. Ses parcelles agricoles sont tr\u00e8s propres et organis\u00e9es. Son secret? \u00ab\u2009Nous d\u00e9sherbons tout \u00e0 la main\u2009\u00bb, d\u00e9clare-t-il fi\u00e8rement.<\/span><\/p>\n<p><span style=\"font-weight: 400;\">En plus d\u2019appr\u00e9cier le d\u00e9fi que repr\u00e9sente la culture biologique, Lee estime qu\u2019elle est n\u00e9cessaire pour son avenir et celui de la prochaine g\u00e9n\u00e9ration. \u00ab\u2009Je veux faire ma part pour prot\u00e9ger l\u2019environnement\u2009\u00bb, affirme-t-il.<\/span><\/p>\n<p><span style=\"font-weight: 400;\">Lee n\u2019a pas encore d\u2019enfants, mais il esp\u00e8re vraiment que s\u2019il en a un jour, ils d\u00e9cideront de faire carri\u00e8re en agriculture. Au cours des sept derni\u00e8res ann\u00e9es, Lee a trouv\u00e9 sa place dans l\u2019agriculture biologique en tant que producteur d\u2019Earthbound Farm, et il n\u2019a pas l\u2019intention de revenir en arri\u00e8re.<\/span><\/p>\n","protected":false},"excerpt":{"rendered":"<p>Lee Carter Lee\u00a0Carter est arriv\u00e9 \u00e0 Earthbound Farm en marchant, litt\u00e9ralement. \u00c0 l\u2019\u00e9poque, il \u00ab\u2009parcourait les champs\u2009\u00bb pour un agriculteur d\u2019Earthbound. Dans le domaine agricole, cela signifie rep\u00e9rer la pr\u00e9sence de parasites et de mauvaises herbes. Cette t\u00e2che aide les agriculteurs \u00e0 trouver des solutions biologiques pour pr\u00e9server la sant\u00e9 de leurs cultures. Aujourd\u2019hui, Lee [&hellip;]<\/p>\n","protected":false},"author":16,"featured_media":0,"parent":16082,"menu_order":0,"comment_status":"closed","ping_status":"closed","template":"template_builder.php","meta":{"_acf_changed":false,"footnotes":""},"class_list":["post-16086","page","type-page","status-publish","hentry"],"acf":[],"yoast_head":"<!-- This site is optimized with the Yoast SEO plugin v27.2 - https:\/\/yoast.com\/product\/yoast-seo-wordpress\/ -->\n<title>Meet Farmer Lee Carter | Earthbound Farm Canada<\/title>\n<meta name=\"robots\" content=\"index, follow, max-snippet:-1, max-image-preview:large, max-video-preview:-1\" \/>\n<link rel=\"canonical\" href=\"https:\/\/earthboundfarmca.com\/fr\/about\/our-farmers\/meet-farmer-lee-carter\/\" \/>\n<meta property=\"og:locale\" content=\"fr_FR\" \/>\n<meta property=\"og:type\" content=\"article\" \/>\n<meta property=\"og:title\" content=\"Meet Farmer Lee Carter | Earthbound Farm Canada\" \/>\n<meta property=\"og:description\" content=\"Lee Carter Lee\u00a0Carter est arriv\u00e9 \u00e0 Earthbound Farm en marchant, litt\u00e9ralement. \u00c0 l\u2019\u00e9poque, il \u00ab\u2009parcourait les champs\u2009\u00bb pour un agriculteur d\u2019Earthbound. Dans le domaine agricole, cela signifie rep\u00e9rer la pr\u00e9sence de parasites et de mauvaises herbes. Cette t\u00e2che aide les agriculteurs \u00e0 trouver des solutions biologiques pour pr\u00e9server la sant\u00e9 de leurs cultures. Aujourd\u2019hui, Lee [&hellip;]\" \/>\n<meta property=\"og:url\" content=\"https:\/\/earthboundfarmca.com\/fr\/about\/our-farmers\/meet-farmer-lee-carter\/\" \/>\n<meta property=\"og:site_name\" content=\"Earthbound Farm Canada\" \/>\n<meta property=\"article:publisher\" content=\"https:\/\/www.facebook.com\/earthboundfarm\" \/>\n<meta property=\"article:modified_time\" content=\"2022-07-22T22:40:07+00:00\" \/>\n<meta name=\"twitter:card\" content=\"summary_large_image\" \/>\n<meta name=\"twitter:site\" content=\"@earthboundfarm\" \/>\n<meta name=\"twitter:label1\" content=\"Dur\u00e9e de lecture estim\u00e9e\" \/>\n\t<meta name=\"twitter:data1\" content=\"2 minutes\" \/>\n<!-- \/ Yoast SEO plugin. -->","yoast_head_json":{"title":"Meet Farmer Lee Carter | Earthbound Farm Canada","robots":{"index":"index","follow":"follow","max-snippet":"max-snippet:-1","max-image-preview":"max-image-preview:large","max-video-preview":"max-video-preview:-1"},"canonical":"https:\/\/earthboundfarmca.com\/fr\/about\/our-farmers\/meet-farmer-lee-carter\/","og_locale":"fr_FR","og_type":"article","og_title":"Meet Farmer Lee Carter | Earthbound Farm Canada","og_description":"Lee Carter Lee\u00a0Carter est arriv\u00e9 \u00e0 Earthbound Farm en marchant, litt\u00e9ralement. \u00c0 l\u2019\u00e9poque, il \u00ab\u2009parcourait les champs\u2009\u00bb pour un agriculteur d\u2019Earthbound. Dans le domaine agricole, cela signifie rep\u00e9rer la pr\u00e9sence de parasites et de mauvaises herbes. Cette t\u00e2che aide les agriculteurs \u00e0 trouver des solutions biologiques pour pr\u00e9server la sant\u00e9 de leurs cultures. Aujourd\u2019hui, Lee [&hellip;]","og_url":"https:\/\/earthboundfarmca.com\/fr\/about\/our-farmers\/meet-farmer-lee-carter\/","og_site_name":"Earthbound Farm Canada","article_publisher":"https:\/\/www.facebook.com\/earthboundfarm","article_modified_time":"2022-07-22T22:40:07+00:00","twitter_card":"summary_large_image","twitter_site":"@earthboundfarm","twitter_misc":{"Dur\u00e9e de lecture estim\u00e9e":"2 minutes"},"schema":{"@context":"https:\/\/schema.org","@graph":[{"@type":"WebPage","@id":"https:\/\/earthboundfarmca.com\/fr\/about\/our-farmers\/meet-farmer-lee-carter\/","url":"https:\/\/earthboundfarmca.com\/fr\/about\/our-farmers\/meet-farmer-lee-carter\/","name":"Meet Farmer Lee Carter | Earthbound Farm Canada","isPartOf":{"@id":"https:\/\/earthboundfarmca.com\/fr\/#website"},"datePublished":"2019-06-24T17:41:19+00:00","dateModified":"2022-07-22T22:40:07+00:00","breadcrumb":{"@id":"https:\/\/earthboundfarmca.com\/fr\/about\/our-farmers\/meet-farmer-lee-carter\/#breadcrumb"},"inLanguage":"fr-FR","potentialAction":[{"@type":"ReadAction","target":["https:\/\/earthboundfarmca.com\/fr\/about\/our-farmers\/meet-farmer-lee-carter\/"]}]},{"@type":"BreadcrumbList","@id":"https:\/\/earthboundfarmca.com\/fr\/about\/our-farmers\/meet-farmer-lee-carter\/#breadcrumb","itemListElement":[{"@type":"ListItem","position":1,"name":"Home","item":"https:\/\/earthboundfarmca.com\/fr\/"},{"@type":"ListItem","position":2,"name":"\u00c0 propos de","item":"https:\/\/earthboundfarmca.com\/fr\/about\/"},{"@type":"ListItem","position":3,"name":"Nos Agriculteurs","item":"https:\/\/earthboundfarmca.com\/fr\/about\/our-farmers\/"},{"@type":"ListItem","position":4,"name":"Meet Farmer Lee Carter"}]},{"@type":"WebSite","@id":"https:\/\/earthboundfarmca.com\/fr\/#website","url":"https:\/\/earthboundfarmca.com\/fr\/","name":"Earthbound Farm","description":"All Organic. Always.","publisher":{"@id":"https:\/\/earthboundfarmca.com\/fr\/#organization"},"potentialAction":[{"@type":"SearchAction","target":{"@type":"EntryPoint","urlTemplate":"https:\/\/earthboundfarmca.com\/fr\/?s={search_term_string}"},"query-input":{"@type":"PropertyValueSpecification","valueRequired":true,"valueName":"search_term_string"}}],"inLanguage":"fr-FR"},{"@type":"Organization","@id":"https:\/\/earthboundfarmca.com\/fr\/#organization","name":"Earthbound Farm","url":"https:\/\/earthboundfarmca.com\/fr\/","logo":{"@type":"ImageObject","inLanguage":"fr-FR","@id":"https:\/\/earthboundfarmca.com\/fr\/#\/schema\/logo\/image\/","url":"https:\/\/earthboundfarmca.com\/wp-content\/uploads\/2019\/05\/logo-earth-bound-farm-lo.png","contentUrl":"https:\/\/earthboundfarmca.com\/wp-content\/uploads\/2019\/05\/logo-earth-bound-farm-lo.png","width":185,"height":135,"caption":"Earthbound Farm"},"image":{"@id":"https:\/\/earthboundfarmca.com\/fr\/#\/schema\/logo\/image\/"},"sameAs":["https:\/\/www.facebook.com\/earthboundfarm","https:\/\/x.com\/earthboundfarm","https:\/\/www.instagram.com\/earthboundfarm\/","https:\/\/www.linkedin.com\/company\/earthbound-farm","https:\/\/www.pinterest.com\/earthboundfarm\/","https:\/\/www.youtube.com\/channel\/UCuB7dFAbpa1JkW3mzJKCKhw","https:\/\/en.wikipedia.org\/wiki\/Earthbound_Farm"]}]}},"_links":{"self":[{"href":"https:\/\/earthboundfarmca.com\/fr\/wp-json\/wp\/v2\/pages\/16086","targetHints":{"allow":["GET"]}}],"collection":[{"href":"https:\/\/earthboundfarmca.com\/fr\/wp-json\/wp\/v2\/pages"}],"about":[{"href":"https:\/\/earthboundfarmca.com\/fr\/wp-json\/wp\/v2\/types\/page"}],"author":[{"embeddable":true,"href":"https:\/\/earthboundfarmca.com\/fr\/wp-json\/wp\/v2\/users\/16"}],"replies":[{"embeddable":true,"href":"https:\/\/earthboundfarmca.com\/fr\/wp-json\/wp\/v2\/comments?post=16086"}],"version-history":[{"count":0,"href":"https:\/\/earthboundfarmca.com\/fr\/wp-json\/wp\/v2\/pages\/16086\/revisions"}],"up":[{"embeddable":true,"href":"https:\/\/earthboundfarmca.com\/fr\/wp-json\/wp\/v2\/pages\/16082"}],"wp:attachment":[{"href":"https:\/\/earthboundfarmca.com\/fr\/wp-json\/wp\/v2\/media?parent=16086"}],"curies":[{"name":"wp","href":"https:\/\/api.w.org\/{rel}","templated":true}]}}